{"id":8479,"date":"2025-07-04T12:57:10","date_gmt":"2025-07-04T09:57:10","guid":{"rendered":"https:\/\/toosikannu.ee\/flavours\/"},"modified":"2025-11-20T07:44:06","modified_gmt":"2025-11-20T05:44:06","slug":"flavours","status":"publish","type":"page","link":"https:\/\/toosikannu.ee\/en\/experiences\/flavours\/","title":{"rendered":"Flavours"},"content":{"rendered":"\t\t<div data-elementor-type=\"wp-page\" data-elementor-id=\"8479\" class=\"elementor elementor-8479 elementor-6696\" data-elementor-post-type=\"page\">\n\t\t\t\t<div class=\"elementor-element elementor-element-3b97f7d e-flex e-con-boxed e-con e-parent\" data-id=\"3b97f7d\" data-element_type=\"container\" data-e-type=\"container\" data-settings=\"{&quot;background_background&quot;:&quot;classic&quot;}\">\n\t\t\t\t\t<div class=\"e-con-inner\">\n\t\t<div class=\"elementor-element elementor-element-590765b e-con-full e-flex e-con e-child\" data-id=\"590765b\" data-element_type=\"container\" data-e-type=\"container\" data-settings=\"{&quot;background_background&quot;:&quot;classic&quot;}\">\n\t\t\t\t<div class=\"elementor-element elementor-element-814e59c elementor-widget elementor-widget-heading\" data-id=\"814e59c\" data-element_type=\"widget\" data-e-type=\"widget\" data-widget_type=\"heading.default\">\n\t\t\t\t\t<h1 class=\"elementor-heading-title elementor-size-default\">A kitchen inspired by the forest and nature\n<\/h1>\t\t\t\t<\/div>\n\t\t<div class=\"elementor-element elementor-element-03b18bc e-con-full e-flex e-con e-child\" data-id=\"03b18bc\" data-element_type=\"container\" data-e-type=\"container\">\n\t\t\t\t<div class=\"elementor-element elementor-element-8efb87d elementor-widget elementor-widget-button\" data-id=\"8efb87d\" data-element_type=\"widget\" data-e-type=\"widget\" data-widget_type=\"button.default\">\n\t\t\t\t\t\t\t\t\t\t<a class=\"elementor-button elementor-button-link elementor-size-sm\" href=\"https:\/\/toosikannu.ee\/wp-content\/uploads\/2025\/08\/Forest-Gourmet-Menu-2025.jpg\" target=\"_blank\" rel=\"nofollow\">\n\t\t\t\t\t\t<span class=\"elementor-button-content-wrapper\">\n\t\t\t\t\t\t\t\t\t<span class=\"elementor-button-text\">Forest gourmet menu<\/span>\n\t\t\t\t\t<\/span>\n\t\t\t\t\t<\/a>\n\t\t\t\t\t\t\t\t<\/div>\n\t\t\t\t<div class=\"elementor-element elementor-element-3badc36 elementor-widget elementor-widget-button\" data-id=\"3badc36\" data-element_type=\"widget\" data-e-type=\"widget\" data-widget_type=\"button.default\">\n\t\t\t\t\t\t\t\t\t\t<a class=\"elementor-button elementor-button-link elementor-size-sm\" href=\"https:\/\/toosikannu.ee\/wp-content\/uploads\/2025\/07\/Degustatsioonimenuu-2025.pdf\" target=\"_blank\" rel=\"nofollow\">\n\t\t\t\t\t\t<span class=\"elementor-button-content-wrapper\">\n\t\t\t\t\t\t\t\t\t<span class=\"elementor-button-text\">Tasting menu<\/span>\n\t\t\t\t\t<\/span>\n\t\t\t\t\t<\/a>\n\t\t\t\t\t\t\t\t<\/div>\n\t\t\t\t<\/div>\n\t\t\t\t<\/div>\n\t\t<div class=\"elementor-element elementor-element-7ccc679 e-con-full e-flex e-con e-child\" data-id=\"7ccc679\" data-element_type=\"container\" data-e-type=\"container\" data-settings=\"{&quot;background_background&quot;:&quot;classic&quot;}\">\n\t\t\t\t<div class=\"elementor-element elementor-element-89c5af9 elementor-widget elementor-widget-html\" data-id=\"89c5af9\" data-element_type=\"widget\" data-e-type=\"widget\" data-widget_type=\"html.default\">\n\t\t\t\t\t<div class=\"tk--scroll-down\">\r\n  <a href=\"#next\">\r\n    Scroll down\r\n    <span class=\"tk--arrow\">\r\n      <span class=\"tk--arrow-inner\">\r\n        <svg width=\"21\" height=\"66\" viewBox=\"0 0 21 66\" fill=\"none\" xmlns=\"http:\/\/www.w3.org\/2000\/svg\">\r\n          <path d=\"M10.6102 1V65M20.7102 51.48C16.2702 54.76 12.8602 59.23 10.8502 64.37L10.6002 65L10.3502 64.37C8.34023 59.23 4.93023 54.76 0.490234 51.48\" stroke=\"#52503E\" stroke-width=\"0.5\" stroke-linecap=\"round\" stroke-linejoin=\"round\"\/>\r\n        <\/svg>\r\n      <\/span>\r\n    <\/span>\r\n  <\/a>\r\n<\/div><br>\t\t\t\t<\/div>\n\t\t<div class=\"elementor-element elementor-element-e0627c2 e-con-full e-flex e-con e-child\" data-id=\"e0627c2\" data-element_type=\"container\" data-e-type=\"container\" data-settings=\"{&quot;background_background&quot;:&quot;classic&quot;}\">\n\t\t<div class=\"elementor-element elementor-element-ac8f598 e-con-full e-flex e-con e-child\" data-id=\"ac8f598\" data-element_type=\"container\" data-e-type=\"container\" data-settings=\"{&quot;background_background&quot;:&quot;classic&quot;,&quot;position&quot;:&quot;absolute&quot;}\">\n\t\t\t\t<\/div>\n\t\t\t\t<div class=\"elementor-element elementor-element-a45027d tk--fixed-image-carousel elementor-widget elementor-widget-image-carousel\" data-id=\"a45027d\" data-element_type=\"widget\" data-e-type=\"widget\" data-settings=\"{&quot;slides_to_show&quot;:&quot;1&quot;,&quot;navigation&quot;:&quot;none&quot;,&quot;autoplay_speed&quot;:2500,&quot;effect&quot;:&quot;fade&quot;,&quot;autoplay&quot;:&quot;yes&quot;,&quot;pause_on_hover&quot;:&quot;yes&quot;,&quot;pause_on_interaction&quot;:&quot;yes&quot;,&quot;infinite&quot;:&quot;yes&quot;,&quot;speed&quot;:500}\" data-widget_type=\"image-carousel.default\">\n\t\t\t\t\t\t\t<div class=\"elementor-image-carousel-wrapper swiper\" role=\"region\" aria-roledescription=\"carousel\" aria-label=\"Image Carousel\" dir=\"ltr\">\n\t\t\t<div class=\"elementor-image-carousel swiper-wrapper\" aria-live=\"off\">\n\t\t\t\t\t\t\t\t<div class=\"swiper-slide\" role=\"group\" aria-roledescription=\"slide\" aria-label=\"1 of 1\"><figure class=\"swiper-slide-inner\"><img decoding=\"async\" class=\"swiper-slide-image\" src=\"https:\/\/toosikannu.ee\/wp-content\/uploads\/2025\/10\/DSC6083.webp\" alt=\"Toosikannu Looduspark \u00f5htus\u00f6\u00f6k\" \/><\/figure><\/div>\t\t\t<\/div>\n\t\t\t\t\t<\/div>\n\t\t\t\t\t\t<\/div>\n\t\t\t\t<\/div>\n\t\t\t\t<\/div>\n\t\t\t\t\t<\/div>\n\t\t\t\t<\/div>\n\t\t<div class=\"elementor-element elementor-element-a8e402c e-flex e-con-boxed e-con e-parent\" data-id=\"a8e402c\" data-element_type=\"container\" data-e-type=\"container\" data-settings=\"{&quot;background_background&quot;:&quot;classic&quot;}\">\n\t\t\t\t\t<div class=\"e-con-inner\">\n\t\t<div class=\"elementor-element elementor-element-a50645d e-con-full e-flex e-con e-child\" data-id=\"a50645d\" data-element_type=\"container\" data-e-type=\"container\">\n\t\t<div class=\"elementor-element elementor-element-d854605 e-con-full e-flex e-con e-child\" data-id=\"d854605\" data-element_type=\"container\" data-e-type=\"container\" data-settings=\"{&quot;background_background&quot;:&quot;classic&quot;,&quot;background_motion_fx_translateY_speed&quot;:{&quot;unit&quot;:&quot;px&quot;,&quot;size&quot;:5,&quot;sizes&quot;:[]},&quot;background_motion_fx_range&quot;:&quot;viewport&quot;,&quot;background_motion_fx_motion_fx_scrolling&quot;:&quot;yes&quot;,&quot;background_motion_fx_translateY_effect&quot;:&quot;yes&quot;,&quot;background_motion_fx_translateY_affectedRange&quot;:{&quot;unit&quot;:&quot;%&quot;,&quot;size&quot;:&quot;&quot;,&quot;sizes&quot;:{&quot;start&quot;:0,&quot;end&quot;:100}},&quot;background_motion_fx_devices&quot;:[&quot;desktop&quot;,&quot;laptop&quot;,&quot;tablet&quot;,&quot;mobile&quot;]}\">\n\t\t\t\t<\/div>\n\t\t<div class=\"elementor-element elementor-element-ed4bc58 e-con-full e-flex e-con e-child\" data-id=\"ed4bc58\" data-element_type=\"container\" data-e-type=\"container\">\n\t\t\t\t<div class=\"elementor-element elementor-element-5cd06bf elementor-widget elementor-widget-heading\" data-id=\"5cd06bf\" data-element_type=\"widget\" data-e-type=\"widget\" data-widget_type=\"heading.default\">\n\t\t\t\t\t<h4 class=\"elementor-heading-title elementor-size-default\">Forest Gourmet at the Forest Cabin<\/h4>\t\t\t\t<\/div>\n\t\t\t\t<div class=\"elementor-element elementor-element-e7aadaa elementor-widget elementor-widget-text-editor\" data-id=\"e7aadaa\" data-element_type=\"widget\" data-e-type=\"widget\" data-widget_type=\"text-editor.default\">\n\t\t\t\t\t\t\t\t\t<p data-start=\"48\" data-end=\"194\">We invite you to an unforgettable culinary experience in the heart of nature \u2014 at the Toosikannu forest cabin, tucked deep within the nature park.<\/p><p data-start=\"196\" data-end=\"456\" data-is-last-node=\"\" data-is-only-node=\"\">Our head chef cooks over open fire \u2014 right where smoke, flame, and the forest come together to create something truly genuine. The dinner takes place outdoors, surrounded by woods and silence, where every dish tells a story of nature and the power of the fire.<\/p>\t\t\t\t\t\t\t\t<\/div>\n\t\t<div class=\"elementor-element elementor-element-1abd654 e-con-full e-flex e-con e-child\" data-id=\"1abd654\" data-element_type=\"container\" data-e-type=\"container\">\n\t\t\t\t<\/div>\n\t\t\t\t<\/div>\n\t\t\t\t<\/div>\n\t\t<div class=\"elementor-element elementor-element-5f5b1d3 e-con-full e-flex e-con e-child\" data-id=\"5f5b1d3\" data-element_type=\"container\" data-e-type=\"container\">\n\t\t<div class=\"elementor-element elementor-element-b906dc8 e-con-full e-flex e-con e-child\" data-id=\"b906dc8\" data-element_type=\"container\" data-e-type=\"container\">\n\t\t\t\t<div class=\"elementor-element elementor-element-57ebe44 elementor-widget elementor-widget-heading\" data-id=\"57ebe44\" data-element_type=\"widget\" data-e-type=\"widget\" data-widget_type=\"heading.default\">\n\t\t\t\t\t<h4 class=\"elementor-heading-title elementor-size-default\">Tasting Menu Dinner<\/h4>\t\t\t\t<\/div>\n\t\t\t\t<div class=\"elementor-element elementor-element-ef73e60 elementor-widget elementor-widget-text-editor\" data-id=\"ef73e60\" data-element_type=\"widget\" data-e-type=\"widget\" data-widget_type=\"text-editor.default\">\n\t\t\t\t\t\t\t\t\t<p data-start=\"68\" data-end=\"208\">An evening that brings people together around one table, creating space for honest conversations and the simple joy of each other\u2019s company.<\/p><p data-start=\"210\" data-end=\"484\" data-is-last-node=\"\" data-is-only-node=\"\">Toosikannu\u2019s head chef, Taavi Tali, has crafted a menu that follows the rhythm of the local nature and seasons, highlighting pure flavors and refined details. The familiar and the new meet naturally on the plate, offering something fresh, inspiring, and genuinely authentic.<\/p>\t\t\t\t\t\t\t\t<\/div>\n\t\t\t\t<\/div>\n\t\t<div class=\"elementor-element elementor-element-586313d e-con-full e-flex e-con e-child\" data-id=\"586313d\" data-element_type=\"container\" data-e-type=\"container\" data-settings=\"{&quot;background_background&quot;:&quot;classic&quot;,&quot;background_motion_fx_translateY_speed&quot;:{&quot;unit&quot;:&quot;px&quot;,&quot;size&quot;:5,&quot;sizes&quot;:[]},&quot;background_motion_fx_range&quot;:&quot;viewport&quot;,&quot;background_motion_fx_motion_fx_scrolling&quot;:&quot;yes&quot;,&quot;background_motion_fx_translateY_effect&quot;:&quot;yes&quot;,&quot;background_motion_fx_translateY_affectedRange&quot;:{&quot;unit&quot;:&quot;%&quot;,&quot;size&quot;:&quot;&quot;,&quot;sizes&quot;:{&quot;start&quot;:0,&quot;end&quot;:100}},&quot;background_motion_fx_devices&quot;:[&quot;desktop&quot;,&quot;laptop&quot;,&quot;tablet&quot;,&quot;mobile&quot;]}\">\n\t\t\t\t<\/div>\n\t\t\t\t<\/div>\n\t\t<div class=\"elementor-element elementor-element-46d9953 e-con-full e-flex e-con e-child\" data-id=\"46d9953\" data-element_type=\"container\" data-e-type=\"container\" data-settings=\"{&quot;position&quot;:&quot;absolute&quot;}\">\n\t\t\t\t<div class=\"elementor-element elementor-element-54fe6c4 elementor-hidden-tablet elementor-hidden-mobile elementor-widget elementor-widget-html\" data-id=\"54fe6c4\" data-element_type=\"widget\" data-e-type=\"widget\" data-widget_type=\"html.default\">\n\t\t\t\t\t<div class=\"svg-wrapper\">\r\n  <svg class=\"tk--svg-draw\"\r\n       xmlns=\"http:\/\/www.w3.org\/2000\/svg\"\r\n       viewBox=\"-100 0 2100 962\"\r\n       style=\"width: 100%; height: auto; display: block;\">\r\n    <path d=\"M-77 1C76.8333 43.1667 429 213.8 607 559C785 904.2 1288.17 970.5 1517.5 960.5\"\r\n          stroke=\"#898567\"\r\n          stroke-width=\"2\"\r\n          fill=\"none\"\r\n          vector-effect=\"non-scaling-stroke\" \/>\r\n  <\/svg>\r\n<\/div><br>\t\t\t\t<\/div>\n\t\t\t\t<\/div>\n\t\t\t\t\t<\/div>\n\t\t\t\t<\/div>\n\t\t<div class=\"elementor-element elementor-element-23c7845 e-flex e-con-boxed e-con e-parent\" data-id=\"23c7845\" data-element_type=\"container\" data-e-type=\"container\" data-settings=\"{&quot;background_background&quot;:&quot;classic&quot;}\">\n\t\t\t\t\t<div class=\"e-con-inner\">\n\t\t\t\t<div class=\"elementor-element elementor-element-564a870 elementor-widget__width-inherit elementor-widget elementor-widget-template\" data-id=\"564a870\" data-element_type=\"widget\" data-e-type=\"widget\" data-widget_type=\"template.default\">\n\t\t\t\t<div class=\"elementor-widget-container\">\n\t\t\t\t\t\t\t<div class=\"elementor-template\">\n\t\t\t\t\t<div data-elementor-type=\"container\" data-elementor-id=\"8461\" class=\"elementor elementor-8461 elementor-1500 elementor-1500\" data-elementor-post-type=\"elementor_library\">\n\t\t\t\t<div class=\"elementor-element elementor-element-b5196ac e-flex e-con-boxed e-con e-parent\" data-id=\"b5196ac\" data-element_type=\"container\" data-e-type=\"container\" data-settings=\"{&quot;background_background&quot;:&quot;classic&quot;}\">\n\t\t\t\t\t<div class=\"e-con-inner\">\n\t\t<div class=\"elementor-element elementor-element-0052eb6 e-con-full e-flex e-con e-child\" data-id=\"0052eb6\" data-element_type=\"container\" data-e-type=\"container\" data-settings=\"{&quot;background_background&quot;:&quot;classic&quot;,&quot;position&quot;:&quot;absolute&quot;,&quot;background_motion_fx_motion_fx_scrolling&quot;:&quot;yes&quot;,&quot;background_motion_fx_translateY_effect&quot;:&quot;yes&quot;,&quot;background_motion_fx_translateY_speed&quot;:{&quot;unit&quot;:&quot;px&quot;,&quot;size&quot;:5,&quot;sizes&quot;:[]},&quot;background_motion_fx_translateY_affectedRange&quot;:{&quot;unit&quot;:&quot;%&quot;,&quot;size&quot;:&quot;&quot;,&quot;sizes&quot;:{&quot;start&quot;:0,&quot;end&quot;:100}},&quot;background_motion_fx_devices&quot;:[&quot;desktop&quot;,&quot;laptop&quot;,&quot;tablet&quot;,&quot;mobile&quot;]}\">\n\t\t\t\t<\/div>\n\t\t\t\t\t<\/div>\n\t\t\t\t<\/div>\n\t\t<div class=\"elementor-element elementor-element-439e00f e-flex e-con-boxed e-con e-parent\" data-id=\"439e00f\" data-element_type=\"container\" data-e-type=\"container\" data-settings=\"{&quot;background_background&quot;:&quot;classic&quot;}\">\n\t\t\t\t\t<div class=\"e-con-inner\">\n\t\t\t\t<div class=\"elementor-element elementor-element-7f391f9 elementor-absolute elementor-hidden-mobile elementor-widget elementor-widget-html\" data-id=\"7f391f9\" data-element_type=\"widget\" data-e-type=\"widget\" data-settings=\"{&quot;_position&quot;:&quot;absolute&quot;}\" data-widget_type=\"html.default\">\n\t\t\t\t\t<div class=\"svg-wrapper\">\r\n  <svg class=\"tk--svg-draw tk--svg-draw-left-to-right\" width=\"431\" height=\"463\" viewBox=\"0 0 431 463\" fill=\"none\" xmlns=\"http:\/\/www.w3.org\/2000\/svg\">\r\n    <path d=\"M482.5 1C434.333 34.6667 329.7 131.8 296.5 251C255 400 50.5 358.5 1 462.5\" stroke=\"#C6A85D\" stroke-width=\"2\"\/>\r\n  <\/svg>\r\n<\/div><br>\t\t\t\t<\/div>\n\t\t<div class=\"elementor-element elementor-element-2846de2 e-con-full e-flex e-con e-child\" data-id=\"2846de2\" data-element_type=\"container\" data-e-type=\"container\">\n\t\t\t\t<div class=\"elementor-element elementor-element-d03ca70 elementor-widget elementor-widget-heading\" data-id=\"d03ca70\" data-element_type=\"widget\" data-e-type=\"widget\" data-widget_type=\"heading.default\">\n\t\t\t\t\t<h2 class=\"elementor-heading-title elementor-size-default\">The perfect holiday starts<br> right here, right now<\/h2>\t\t\t\t<\/div>\n\t\t\t\t<div class=\"elementor-element elementor-element-d2b4885 elementor-widget elementor-widget-text-editor\" data-id=\"d2b4885\" data-element_type=\"widget\" data-e-type=\"widget\" data-widget_type=\"text-editor.default\">\n\t\t\t\t\t\t\t\t\t<p>We will find the best solution for you!<\/p>\n\t\t\t\t\t\t\t\t<\/div>\n\t\t\t\t<div class=\"elementor-element elementor-element-df0a75b elementor-widget elementor-widget-button\" data-id=\"df0a75b\" data-element_type=\"widget\" data-e-type=\"widget\" data-widget_type=\"button.default\">\n\t\t\t\t\t\t\t\t\t\t<a class=\"elementor-button elementor-button-link elementor-size-sm\" href=\"https:\/\/hotel.toosikannu.ee\/en\/\">\n\t\t\t\t\t\t<span class=\"elementor-button-content-wrapper\">\n\t\t\t\t\t\t\t\t\t<span class=\"elementor-button-text\">Book<\/span>\n\t\t\t\t\t<\/span>\n\t\t\t\t\t<\/a>\n\t\t\t\t\t\t\t\t<\/div>\n\t\t\t\t<\/div>\n\t\t<div class=\"elementor-element elementor-element-8be78dd e-con-full elementor-hidden-mobile e-flex e-con e-child\" data-id=\"8be78dd\" data-element_type=\"container\" data-e-type=\"container\">\n\t\t\t\t<\/div>\n\t\t\t\t\t<\/div>\n\t\t\t\t<\/div>\n\t\t\t\t<\/div>\n\t\t\t\t<\/div>\n\t\t\t\t\t\t<\/div>\n\t\t\t\t<\/div>\n\t\t\t\t\t<\/div>\n\t\t\t\t<\/div>\n\t\t\t\t<\/div>\n\t\t","protected":false},"excerpt":{"rendered":"<p>A kitchen inspired by the forest and nature Forest gourmet menu Tasting menu Scroll down Forest Gourmet at the Forest Cabin We invite you to an unforgettable culinary experience in the heart of nature \u2014 at the Toosikannu forest cabin, tucked deep within the nature park. Our head chef cooks over open fire \u2014 right [&hellip;]<\/p>\n","protected":false},"author":1,"featured_media":0,"parent":0,"menu_order":61,"comment_status":"closed","ping_status":"closed","template":"","meta":{"_acf_changed":false,"footnotes":""},"tk_page_category":[40],"wf_page_folders":[],"class_list":["post-8479","page","type-page","status-publish","hentry","tk_page_category-experiences"],"acf":[],"yoast_head":"<!-- This site is optimized with the Yoast SEO plugin v27.2 - https:\/\/yoast.com\/product\/yoast-seo-wordpress\/ -->\n<title>Local Estonian cuisine and flavors at - Toosikannu<\/title>\n<meta name=\"description\" content=\"Enjoy authentic Estonian cuisine, wild game dishes, and homemade flavors in the scenic natural surroundings of J\u00e4rvamaa.\" \/>\n<meta name=\"robots\" content=\"index, follow, max-snippet:-1, max-image-preview:large, max-video-preview:-1\" \/>\n<link rel=\"canonical\" href=\"https:\/\/toosikannu.ee\/en\/experiences\/flavours\/\" \/>\n<meta property=\"og:locale\" content=\"en_US\" \/>\n<meta property=\"og:type\" content=\"article\" \/>\n<meta property=\"og:title\" content=\"Local Estonian cuisine and flavors at - Toosikannu\" \/>\n<meta property=\"og:description\" content=\"Enjoy authentic Estonian cuisine, wild game dishes, and homemade flavors in the scenic natural surroundings of J\u00e4rvamaa.\" \/>\n<meta property=\"og:url\" content=\"https:\/\/toosikannu.ee\/en\/experiences\/flavours\/\" \/>\n<meta property=\"og:site_name\" content=\"Toosikannu\" \/>\n<meta property=\"article:publisher\" content=\"https:\/\/www.facebook.com\/toosikannu\/\" \/>\n<meta property=\"article:modified_time\" content=\"2025-11-20T05:44:06+00:00\" \/>\n<meta property=\"og:image\" content=\"https:\/\/toosikannu.ee\/wp-content\/uploads\/2025\/10\/DSC6083.webp\" \/>\n<meta name=\"twitter:card\" content=\"summary_large_image\" \/>\n<meta name=\"twitter:label1\" content=\"Est. reading time\" \/>\n\t<meta name=\"twitter:data1\" content=\"1 minute\" \/>\n<script type=\"application\/ld+json\" class=\"yoast-schema-graph\">{\"@context\":\"https:\/\/schema.org\",\"@graph\":[{\"@type\":\"WebPage\",\"@id\":\"https:\/\/toosikannu.ee\/en\/experiences\/flavours\/\",\"url\":\"https:\/\/toosikannu.ee\/en\/experiences\/flavours\/\",\"name\":\"Local Estonian cuisine and flavors at - Toosikannu\",\"isPartOf\":{\"@id\":\"https:\/\/toosikannu.ee\/en\/#website\"},\"primaryImageOfPage\":{\"@id\":\"https:\/\/toosikannu.ee\/en\/experiences\/flavours\/#primaryimage\"},\"image\":{\"@id\":\"https:\/\/toosikannu.ee\/en\/experiences\/flavours\/#primaryimage\"},\"thumbnailUrl\":\"https:\/\/toosikannu.ee\/wp-content\/uploads\/2025\/10\/DSC6083.webp\",\"datePublished\":\"2025-07-04T09:57:10+00:00\",\"dateModified\":\"2025-11-20T05:44:06+00:00\",\"description\":\"Enjoy authentic Estonian cuisine, wild game dishes, and homemade flavors in the scenic natural surroundings of J\u00e4rvamaa.\",\"breadcrumb\":{\"@id\":\"https:\/\/toosikannu.ee\/en\/experiences\/flavours\/#breadcrumb\"},\"inLanguage\":\"en-US\",\"potentialAction\":[{\"@type\":\"ReadAction\",\"target\":[\"https:\/\/toosikannu.ee\/en\/experiences\/flavours\/\"]}]},{\"@type\":\"ImageObject\",\"inLanguage\":\"en-US\",\"@id\":\"https:\/\/toosikannu.ee\/en\/experiences\/flavours\/#primaryimage\",\"url\":\"https:\/\/toosikannu.ee\/wp-content\/uploads\/2025\/10\/DSC6083.webp\",\"contentUrl\":\"https:\/\/toosikannu.ee\/wp-content\/uploads\/2025\/10\/DSC6083.webp\"},{\"@type\":\"BreadcrumbList\",\"@id\":\"https:\/\/toosikannu.ee\/en\/experiences\/flavours\/#breadcrumb\",\"itemListElement\":[{\"@type\":\"ListItem\",\"position\":1,\"name\":\"Home\",\"item\":\"https:\/\/toosikannu.ee\/en\/\"},{\"@type\":\"ListItem\",\"position\":2,\"name\":\"Flavours\"}]},{\"@type\":\"WebSite\",\"@id\":\"https:\/\/toosikannu.ee\/en\/#website\",\"url\":\"https:\/\/toosikannu.ee\/en\/\",\"name\":\"Toosikannu\",\"description\":\"\",\"publisher\":{\"@id\":\"https:\/\/toosikannu.ee\/en\/#organization\"},\"potentialAction\":[{\"@type\":\"SearchAction\",\"target\":{\"@type\":\"EntryPoint\",\"urlTemplate\":\"https:\/\/toosikannu.ee\/en\/?s={search_term_string}\"},\"query-input\":{\"@type\":\"PropertyValueSpecification\",\"valueRequired\":true,\"valueName\":\"search_term_string\"}}],\"inLanguage\":\"en-US\"},{\"@type\":\"Organization\",\"@id\":\"https:\/\/toosikannu.ee\/en\/#organization\",\"name\":\"Toosikannu\",\"url\":\"https:\/\/toosikannu.ee\/en\/\",\"logo\":{\"@type\":\"ImageObject\",\"inLanguage\":\"en-US\",\"@id\":\"https:\/\/toosikannu.ee\/en\/#\/schema\/logo\/image\/\",\"url\":\"https:\/\/toosikannu.ee\/wp-content\/uploads\/2025\/04\/Toosikannu-logo.svg\",\"contentUrl\":\"https:\/\/toosikannu.ee\/wp-content\/uploads\/2025\/04\/Toosikannu-logo.svg\",\"width\":139,\"height\":80,\"caption\":\"Toosikannu\"},\"image\":{\"@id\":\"https:\/\/toosikannu.ee\/en\/#\/schema\/logo\/image\/\"},\"sameAs\":[\"https:\/\/www.facebook.com\/toosikannu\/\",\"https:\/\/www.instagram.com\/toosikannu\/\"]}]}<\/script>\n<!-- \/ Yoast SEO plugin. -->","yoast_head_json":{"title":"Local Estonian cuisine and flavors at - Toosikannu","description":"Enjoy authentic Estonian cuisine, wild game dishes, and homemade flavors in the scenic natural surroundings of J\u00e4rvamaa.","robots":{"index":"index","follow":"follow","max-snippet":"max-snippet:-1","max-image-preview":"max-image-preview:large","max-video-preview":"max-video-preview:-1"},"canonical":"https:\/\/toosikannu.ee\/en\/experiences\/flavours\/","og_locale":"en_US","og_type":"article","og_title":"Local Estonian cuisine and flavors at - Toosikannu","og_description":"Enjoy authentic Estonian cuisine, wild game dishes, and homemade flavors in the scenic natural surroundings of J\u00e4rvamaa.","og_url":"https:\/\/toosikannu.ee\/en\/experiences\/flavours\/","og_site_name":"Toosikannu","article_publisher":"https:\/\/www.facebook.com\/toosikannu\/","article_modified_time":"2025-11-20T05:44:06+00:00","og_image":[{"url":"https:\/\/toosikannu.ee\/wp-content\/uploads\/2025\/10\/DSC6083.webp","type":"","width":"","height":""}],"twitter_card":"summary_large_image","twitter_misc":{"Est. reading time":"1 minute"},"schema":{"@context":"https:\/\/schema.org","@graph":[{"@type":"WebPage","@id":"https:\/\/toosikannu.ee\/en\/experiences\/flavours\/","url":"https:\/\/toosikannu.ee\/en\/experiences\/flavours\/","name":"Local Estonian cuisine and flavors at - Toosikannu","isPartOf":{"@id":"https:\/\/toosikannu.ee\/en\/#website"},"primaryImageOfPage":{"@id":"https:\/\/toosikannu.ee\/en\/experiences\/flavours\/#primaryimage"},"image":{"@id":"https:\/\/toosikannu.ee\/en\/experiences\/flavours\/#primaryimage"},"thumbnailUrl":"https:\/\/toosikannu.ee\/wp-content\/uploads\/2025\/10\/DSC6083.webp","datePublished":"2025-07-04T09:57:10+00:00","dateModified":"2025-11-20T05:44:06+00:00","description":"Enjoy authentic Estonian cuisine, wild game dishes, and homemade flavors in the scenic natural surroundings of J\u00e4rvamaa.","breadcrumb":{"@id":"https:\/\/toosikannu.ee\/en\/experiences\/flavours\/#breadcrumb"},"inLanguage":"en-US","potentialAction":[{"@type":"ReadAction","target":["https:\/\/toosikannu.ee\/en\/experiences\/flavours\/"]}]},{"@type":"ImageObject","inLanguage":"en-US","@id":"https:\/\/toosikannu.ee\/en\/experiences\/flavours\/#primaryimage","url":"https:\/\/toosikannu.ee\/wp-content\/uploads\/2025\/10\/DSC6083.webp","contentUrl":"https:\/\/toosikannu.ee\/wp-content\/uploads\/2025\/10\/DSC6083.webp"},{"@type":"BreadcrumbList","@id":"https:\/\/toosikannu.ee\/en\/experiences\/flavours\/#breadcrumb","itemListElement":[{"@type":"ListItem","position":1,"name":"Home","item":"https:\/\/toosikannu.ee\/en\/"},{"@type":"ListItem","position":2,"name":"Flavours"}]},{"@type":"WebSite","@id":"https:\/\/toosikannu.ee\/en\/#website","url":"https:\/\/toosikannu.ee\/en\/","name":"Toosikannu","description":"","publisher":{"@id":"https:\/\/toosikannu.ee\/en\/#organization"},"potentialAction":[{"@type":"SearchAction","target":{"@type":"EntryPoint","urlTemplate":"https:\/\/toosikannu.ee\/en\/?s={search_term_string}"},"query-input":{"@type":"PropertyValueSpecification","valueRequired":true,"valueName":"search_term_string"}}],"inLanguage":"en-US"},{"@type":"Organization","@id":"https:\/\/toosikannu.ee\/en\/#organization","name":"Toosikannu","url":"https:\/\/toosikannu.ee\/en\/","logo":{"@type":"ImageObject","inLanguage":"en-US","@id":"https:\/\/toosikannu.ee\/en\/#\/schema\/logo\/image\/","url":"https:\/\/toosikannu.ee\/wp-content\/uploads\/2025\/04\/Toosikannu-logo.svg","contentUrl":"https:\/\/toosikannu.ee\/wp-content\/uploads\/2025\/04\/Toosikannu-logo.svg","width":139,"height":80,"caption":"Toosikannu"},"image":{"@id":"https:\/\/toosikannu.ee\/en\/#\/schema\/logo\/image\/"},"sameAs":["https:\/\/www.facebook.com\/toosikannu\/","https:\/\/www.instagram.com\/toosikannu\/"]}]}},"_links":{"self":[{"href":"https:\/\/toosikannu.ee\/en\/wp-json\/wp\/v2\/pages\/8479","targetHints":{"allow":["GET"]}}],"collection":[{"href":"https:\/\/toosikannu.ee\/en\/wp-json\/wp\/v2\/pages"}],"about":[{"href":"https:\/\/toosikannu.ee\/en\/wp-json\/wp\/v2\/types\/page"}],"author":[{"embeddable":true,"href":"https:\/\/toosikannu.ee\/en\/wp-json\/wp\/v2\/users\/1"}],"replies":[{"embeddable":true,"href":"https:\/\/toosikannu.ee\/en\/wp-json\/wp\/v2\/comments?post=8479"}],"version-history":[{"count":19,"href":"https:\/\/toosikannu.ee\/en\/wp-json\/wp\/v2\/pages\/8479\/revisions"}],"predecessor-version":[{"id":12064,"href":"https:\/\/toosikannu.ee\/en\/wp-json\/wp\/v2\/pages\/8479\/revisions\/12064"}],"wp:attachment":[{"href":"https:\/\/toosikannu.ee\/en\/wp-json\/wp\/v2\/media?parent=8479"}],"wp:term":[{"taxonomy":"tk_page_category","embeddable":true,"href":"https:\/\/toosikannu.ee\/en\/wp-json\/wp\/v2\/tk_page_category?post=8479"},{"taxonomy":"wf_page_folders","embeddable":true,"href":"https:\/\/toosikannu.ee\/en\/wp-json\/wp\/v2\/wf_page_folders?post=8479"}],"curies":[{"name":"wp","href":"https:\/\/api.w.org\/{rel}","templated":true}]}}